{"id":3,"date":"2021-08-26T22:30:13","date_gmt":"2021-08-26T22:30:13","guid":{"rendered":"http:\/\/www.parquesurresidencial.mx\/home\/?page_id=3"},"modified":"2022-08-03T01:19:56","modified_gmt":"2022-08-03T01:19:56","slug":"privacy-policy-2","status":"publish","type":"page","link":"https:\/\/www.parquesurresidencial.mx\/home\/privacy-policy-2\/","title":{"rendered":"Aviso de privacidad"},"content":{"rendered":"\t\t<div data-elementor-type=\"wp-page\" data-elementor-id=\"3\" class=\"elementor elementor-3\">\n\t\t\t\t\t\t<section class=\"elementor-section elementor-top-section elementor-element elementor-element-1546e84a elementor-section-boxed elementor-section-height-default elementor-section-height-default\" data-id=\"1546e84a\" data-element_type=\"section\">\n\t\t\t\t\t\t<div class=\"elementor-container elementor-column-gap-default\">\n\t\t\t\t\t<div class=\"elementor-column elementor-col-100 elementor-top-column elementor-element elementor-element-3b320739\" data-id=\"3b320739\" data-element_type=\"column\">\n\t\t\t<div class=\"elementor-widget-wrap elementor-element-populated\">\n\t\t\t\t\t\t<div class=\"elementor-element elementor-element-1b214cf7 elementor-widget elementor-widget-text-editor\" data-id=\"1b214cf7\" data-element_type=\"widget\" data-widget_type=\"text-editor.default\">\n\t\t\t\t<div class=\"elementor-widget-container\">\n\t\t\t        <div class=\"elementor-text-editor elementor-clearfix\"><p><strong>AVISO DE PRIVACIDAD PROMOTORA Y DESARROLLADORA MEXICANA S.A DE C.V.<\/strong><\/p>\n<p><\/p>\n<p>De acuerdo a lo Previsto en la \u201cLey Federal de Protecci\u00f3n de Datos Personales\u201d, vigente y su Reglamento, declara PROMOTORA Y DESARROLLADORA MEXICANA S.A DE C.V (en adelante \u201cPRODEMEX\u201d) ser una empresa legalmente constituida de conformidad con las leyes mexicanas, con domicilio en:&nbsp; Avenida Insurgentes Sur, n\u00famero 1811, segundo piso, Colonia Guadalupe Inn, Alcald\u00eda \u00c1lvaro Obreg\u00f3n, C.P. 01020 y como responsable del tratamiento de sus datos personales, hace de su conocimiento que la informaci\u00f3n de nuestros clientes es tratada de forma estrictamente confidencial por lo que, al proporcionar sus datos personales, tales como:<\/p>\n<ol>\n<li>Nombre Completo.<\/li>\n<li>Direcci\u00f3n.<\/li>\n<li>Registro Federal de Contribuyentes.<\/li>\n<li>Tel\u00e9fonos de Hogar, Oficina y m\u00f3viles<\/li>\n<li>Correo Electr\u00f3nico.<\/li>\n<\/ol>\n<p>Estos ser\u00e1n utilizados \u00fanica y exclusivamente para los siguientes fines:<\/p>\n<ol>\n<li>Informaci\u00f3n y Prestaci\u00f3n de Servicios.<\/li>\n<li>Actualizaci\u00f3n de la Base de Datos.<\/li>\n<li>Cualquier finalidad an\u00e1loga o compatible con las anteriores.<\/li>\n<\/ol>\n<p>En el caso de Datos sensibles, tales como:<\/p>\n<ol>\n<li>Datos Financieros (Ingresos, Estados de Cuenta, y dem\u00e1s relacionados)<\/li>\n<li>Datos Patrimoniales (Bienes Materiales, Inmuebles, y dem\u00e1s relacionados)<\/li>\n<li>Datos Personales (C\u00f3nyuge, Estado Civil, Nacionalidad, Educaci\u00f3n, Hijos, y dem\u00e1s relacionados).<\/li>\n<li>Referencias familiares y no familiares (Nombre, Direcci\u00f3n, Tel\u00e9fono, relaci\u00f3n, etc.).\n<\/li>\n<\/ol>\n<p>Estos ser\u00e1n utilizados \u00fanica y exclusivamente para los siguientes fines:<\/p>\n<ol>\n<li>Investigaci\u00f3n y\/u Obtenci\u00f3n de Cr\u00e9ditos ante las Instituciones Financieras.<\/li>\n<li>Cualquier finalidad an\u00e1loga o compatible con la anterior.<\/li>\n<li>Informaci\u00f3n y Prestaci\u00f3n de Servicios<\/li>\n<\/ol>\n<p>Para prevenir el acceso no autorizado a sus datos personales y con el fin de asegurar que la informaci\u00f3n sea utilizada para los fines establecidos en este aviso de privacidad, hemos establecido diversos procedimientos con la finalidad de evitar el uso o divulgaci\u00f3n no autorizados de sus datos, permiti\u00e9ndonos tratarlos debidamente.<br>As\u00ed mismo, le informamos que sus datos personales pueden ser Transmitidos para ser tratados por personas distintas a esta empresa.<\/p>\n<p><span style=\"font-size: 1rem;\">Todos sus datos personales son tratados de acuerdo a la legislaci\u00f3n aplicable y vigente en el pa\u00eds, por ello le informamos que usted tiene en todo momento los derechos (ARCO) de acceder, rectificar, cancelar u oponerse al tratamiento que le&nbsp;<\/span><span style=\"font-size: 1rem;\">damos a sus datos personales; derecho que podr\u00e1 hacer valer a trav\u00e9s del \u00c1rea de Privacidad encargada de la seguridad de datos personales en el Tel\u00e9fono <\/span><strong style=\"font-size: 1rem;\">55 4332 8483<\/strong><strong style=\"font-size: 1rem;\">,<\/strong><span style=\"font-size: 1rem;\"> as\u00ed como al correo electr\u00f3nico <\/span><a href=\"mailto:info@prodemex.com\" style=\"background-color: rgb(255, 255, 255); font-size: 1rem;\"><strong>info@prodemex.com<\/strong><\/a><span style=\"font-size: 1rem;\"> o siguiendo el procedimiento establecido en el Aviso de Privacidad integral que \u201c<\/span><strong style=\"font-size: 1rem;\">PRODEMEX<\/strong><span style=\"font-size: 1rem;\">\u201d pone a su disposici\u00f3n en la p\u00e1gina de internet&nbsp; <\/span><a href=\"http:\/\/www.prodemex.com\/aviso-de-privacidad.html\" style=\"background-color: rgb(255, 255, 255); font-size: 1rem;\"><strong>http:\/\/www.prodemex.com\/aviso-de-privacidad.html<\/strong><\/a><span style=\"font-size: 1rem;\">. A trav\u00e9s de estos canales usted podr\u00e1 actualizar sus datos y especificar el medio por el cual desea recibir informaci\u00f3n, ya que, en caso de no contar con esta especificaci\u00f3n de su parte, \u201c<\/span><strong style=\"font-size: 1rem;\">PRODEMEX\u201d <\/strong><span style=\"font-size: 1rem;\">establecer\u00e1 libremente el canal que considere pertinente para enviarle informaci\u00f3n.<\/span><\/p>\n<p>Este aviso de privacidad podr\u00e1 ser modificado por \u201c<strong>PRODEMEX\u201d<\/strong> dichas modificaciones ser\u00e1n oportunamente informadas a trav\u00e9s de correo electr\u00f3nico, tel\u00e9fono, o cualquier otro medio de comunicaci\u00f3n que \u201c<strong>PRODEMEX\u201d<\/strong> determine para tal efecto.<\/p>\n<p><\/p>\n<p>ATENTAMENTE<\/p>\n<p>PROMOTORA Y DESARROLLADORA MEXICANA S.A DE C.V.<\/p><\/div>\n        \t\t<\/div>\n\t\t\t\t<\/div>\n\t\t\t\t\t<\/div>\n\t\t<\/div>\n\t\t\t\t\t<\/div>\n\t\t<\/section>\n\t\t\t\t<\/div>\n\t\t","protected":false},"excerpt":{"rendered":"<p>AVISO DE PRIVACIDAD PROMOTORA Y DESARROLLADORA MEXICANA S.A DE C.V. De acuerdo a lo Previsto en la \u201cLey Federal de Protecci\u00f3n de Datos Personales\u201d, vigente y su Reglamento, declara PROMOTORA Y DESARROLLADORA MEXICANA S.A DE C.V (en adelante \u201cPRODEMEX\u201d) ser una empresa legalmente constituida de conformidad con las leyes mexicanas, con domicilio en:&nbsp; Avenida Insurgentes &hellip; <\/p>\n<p class=\"link-more\"><a href=\"https:\/\/www.parquesurresidencial.mx\/home\/privacy-policy-2\/\" class=\"more-link\">Read More <span class=\"screen-reader-text\"> \u00abAviso de privacidad\u00bb<\/span><\/a><\/p>\n","protected":false},"author":1,"featured_media":0,"parent":0,"menu_order":0,"comment_status":"closed","ping_status":"closed","template":"","meta":{"inline_featured_image":false,"footnotes":""},"class_list":["post-3","page","type-page","status-publish","hentry"],"_links":{"self":[{"href":"https:\/\/www.parquesurresidencial.mx\/home\/wp-json\/wp\/v2\/pages\/3","targetHints":{"allow":["GET"]}}],"collection":[{"href":"https:\/\/www.parquesurresidencial.mx\/home\/wp-json\/wp\/v2\/pages"}],"about":[{"href":"https:\/\/www.parquesurresidencial.mx\/home\/wp-json\/wp\/v2\/types\/page"}],"author":[{"embeddable":true,"href":"https:\/\/www.parquesurresidencial.mx\/home\/wp-json\/wp\/v2\/users\/1"}],"replies":[{"embeddable":true,"href":"https:\/\/www.parquesurresidencial.mx\/home\/wp-json\/wp\/v2\/comments?post=3"}],"version-history":[{"count":9,"href":"https:\/\/www.parquesurresidencial.mx\/home\/wp-json\/wp\/v2\/pages\/3\/revisions"}],"predecessor-version":[{"id":2558,"href":"https:\/\/www.parquesurresidencial.mx\/home\/wp-json\/wp\/v2\/pages\/3\/revisions\/2558"}],"wp:attachment":[{"href":"https:\/\/www.parquesurresidencial.mx\/home\/wp-json\/wp\/v2\/media?parent=3"}],"curies":[{"name":"wp","href":"https:\/\/api.w.org\/{rel}","templated":true}]}}